{"id":2027,"date":"2020-04-27T08:58:34","date_gmt":"2020-04-27T08:58:34","guid":{"rendered":"https:\/\/lekker.qodeinteractive.com\/?page_id=2027"},"modified":"2023-04-24T11:16:13","modified_gmt":"2023-04-24T11:16:13","slug":"vcard","status":"publish","type":"page","link":"https:\/\/margauxcontal.com\/?page_id=2027","title":{"rendered":"About"},"content":{"rendered":"\t\t<div data-elementor-type=\"wp-page\" data-elementor-id=\"2027\" class=\"elementor elementor-2027\">\n\t\t\t\t\t\t<section class=\"elementor-section elementor-top-section elementor-element elementor-element-04b1466 elementor-section-boxed elementor-section-height-default elementor-section-height-default qodef-elementor-content-no\" data-id=\"04b1466\" data-element_type=\"section\" data-e-type=\"section\">\n\t\t\t\t\t\t<div class=\"elementor-container elementor-column-gap-default\">\n\t\t\t\t\t<div class=\"elementor-column elementor-col-100 elementor-top-column elementor-element elementor-element-8539a33\" data-id=\"8539a33\" data-element_type=\"column\" data-e-type=\"column\">\n\t\t\t<div class=\"elementor-widget-wrap elementor-element-populated\">\n\t\t\t\t\t\t<div class=\"elementor-element elementor-element-8c00010 elementor-widget elementor-widget-heading\" data-id=\"8c00010\" data-element_type=\"widget\" data-e-type=\"widget\" data-widget_type=\"heading.default\">\n\t\t\t\t<div class=\"elementor-widget-container\">\n\t\t\t\t\t<h1 class=\"elementor-heading-title elementor-size-default\">\u00c0 propos<\/h1>\t\t\t\t<\/div>\n\t\t\t\t<\/div>\n\t\t\t\t\t<\/div>\n\t\t<\/div>\n\t\t\t\t\t<\/div>\n\t\t<\/section>\n\t\t\t\t<section class=\"elementor-section elementor-top-section elementor-element elementor-element-216f1dc elementor-section-boxed elementor-section-height-default elementor-section-height-default qodef-elementor-content-no\" data-id=\"216f1dc\" data-element_type=\"section\" data-e-type=\"section\">\n\t\t\t\t\t\t<div class=\"elementor-container elementor-column-gap-default\">\n\t\t\t\t\t<div class=\"elementor-column elementor-col-50 elementor-top-column elementor-element elementor-element-725aa7c\" data-id=\"725aa7c\" data-element_type=\"column\" data-e-type=\"column\">\n\t\t\t<div class=\"elementor-widget-wrap elementor-element-populated\">\n\t\t\t\t\t\t<div class=\"elementor-element elementor-element-28d388d elementor-widget elementor-widget-image\" data-id=\"28d388d\" data-element_type=\"widget\" data-e-type=\"widget\" data-widget_type=\"image.default\">\n\t\t\t\t<div class=\"elementor-widget-container\">\n\t\t\t\t\t\t\t\t\t\t\t\t\t\t\t<img fetchpriority=\"high\" decoding=\"async\" width=\"1300\" height=\"1300\" src=\"https:\/\/margauxcontal.com\/wp-content\/uploads\/2023\/01\/Moi_Site-1300x1300.jpeg\" class=\"attachment-lekker_image_size_huge-square size-lekker_image_size_huge-square wp-image-6716\" alt=\"\" srcset=\"https:\/\/margauxcontal.com\/wp-content\/uploads\/2023\/01\/Moi_Site-1300x1300.jpeg 1300w, https:\/\/margauxcontal.com\/wp-content\/uploads\/2023\/01\/Moi_Site-150x150.jpeg 150w, https:\/\/margauxcontal.com\/wp-content\/uploads\/2023\/01\/Moi_Site-650x650.jpeg 650w, https:\/\/margauxcontal.com\/wp-content\/uploads\/2023\/01\/Moi_Site-300x300.jpeg 300w, https:\/\/margauxcontal.com\/wp-content\/uploads\/2023\/01\/Moi_Site-100x100.jpeg 100w\" sizes=\"(max-width: 1300px) 100vw, 1300px\" \/>\t\t\t\t\t\t\t\t\t\t\t\t\t\t\t<\/div>\n\t\t\t\t<\/div>\n\t\t\t\t<div class=\"elementor-element elementor-element-b22bd24 elementor-widget-divider--view-line elementor-widget elementor-widget-divider\" data-id=\"b22bd24\" data-element_type=\"widget\" data-e-type=\"widget\" data-widget_type=\"divider.default\">\n\t\t\t\t<div class=\"elementor-widget-container\">\n\t\t\t\t\t\t\t<div class=\"elementor-divider\">\n\t\t\t<span class=\"elementor-divider-separator\">\n\t\t\t\t\t\t<\/span>\n\t\t<\/div>\n\t\t\t\t\t\t<\/div>\n\t\t\t\t<\/div>\n\t\t\t\t<div class=\"elementor-element elementor-element-dc4433a elementor-align-center e-transform elementor-widget elementor-widget-button\" data-id=\"dc4433a\" data-element_type=\"widget\" data-e-type=\"widget\" data-settings=\"{&quot;_transform_scale_effect_tablet&quot;:{&quot;unit&quot;:&quot;px&quot;,&quot;size&quot;:0.8,&quot;sizes&quot;:[]},&quot;_transform_scale_effect&quot;:{&quot;unit&quot;:&quot;px&quot;,&quot;size&quot;:&quot;&quot;,&quot;sizes&quot;:[]},&quot;_transform_scale_effect_mobile&quot;:{&quot;unit&quot;:&quot;px&quot;,&quot;size&quot;:&quot;&quot;,&quot;sizes&quot;:[]}}\" data-widget_type=\"button.default\">\n\t\t\t\t<div class=\"elementor-widget-container\">\n\t\t\t\t\t\t\t\t\t<div class=\"elementor-button-wrapper\">\n\t\t\t\t\t<a class=\"elementor-button elementor-button-link elementor-size-lg elementor-animation-float\" href=\"https:\/\/margauxcontal.com\/wp-content\/uploads\/2023\/04\/CV_2023.pdf\">\n\t\t\t\t\t\t<span class=\"elementor-button-content-wrapper\">\n\t\t\t\t\t\t\t\t\t<span class=\"elementor-button-text\">CV<\/span>\n\t\t\t\t\t<\/span>\n\t\t\t\t\t<\/a>\n\t\t\t\t<\/div>\n\t\t\t\t\t\t\t\t<\/div>\n\t\t\t\t<\/div>\n\t\t\t\t\t<\/div>\n\t\t<\/div>\n\t\t\t\t<div class=\"elementor-column elementor-col-50 elementor-top-column elementor-element elementor-element-bd3538b\" data-id=\"bd3538b\" data-element_type=\"column\" data-e-type=\"column\">\n\t\t\t<div class=\"elementor-widget-wrap elementor-element-populated\">\n\t\t\t\t\t\t<div class=\"elementor-element elementor-element-bc26f41 elementor-widget elementor-widget-heading\" data-id=\"bc26f41\" data-element_type=\"widget\" data-e-type=\"widget\" data-widget_type=\"heading.default\">\n\t\t\t\t<div class=\"elementor-widget-container\">\n\t\t\t\t\t<h2 class=\"elementor-heading-title elementor-size-default\">Hello there !<\/h2>\t\t\t\t<\/div>\n\t\t\t\t<\/div>\n\t\t\t\t<div class=\"elementor-element elementor-element-97c15c5 elementor-widget elementor-widget-text-editor\" data-id=\"97c15c5\" data-element_type=\"widget\" data-e-type=\"widget\" data-widget_type=\"text-editor.default\">\n\t\t\t\t<div class=\"elementor-widget-container\">\n\t\t\t\t\t\t\t\t\t<p class=\"p1\">Je m\u2019appelle Margaux Contal et je suis motion designer, illustratrice et designer digitale. Bas\u00e9e \u00e0 Strasbourg en France, j\u2019appr\u00e9cie parcourir la ville et ses verts alentours en v\u00e9lo avec Corn\u00e9lius dans le panier avant. (Corn\u00e9lius n\u2019\u00e9tant ni mon conjoint, ni mon grand-p\u00e8re mais mon adorable chien).<\/p><p class=\"p1\">Dot\u00e9e d\u2019un <strong>BTS en Design Graphique Num\u00e9rique<\/strong>, d\u2019une <strong>Licence Audiovisuelle<\/strong> ainsi que d\u2019un <strong>Master dans le m\u00eame domaine et en effets sp\u00e9ciaux<\/strong>, je suis \u00e0 m\u00eame de comprendre l\u2019ensemble de la cha\u00eene de la cr\u00e9ation vid\u00e9o et vous aider \u00e0 r\u00e9aliser vos projets les plus pointus !<span class=\"Apple-converted-space\">\u00a0<\/span><\/p><p class=\"p1\">J\u2019adore<strong> illustrer et animer des \u00e9l\u00e9ments<\/strong> naturels pour les r\u00e9seaux sociaux, me battre pour plus d\u2019\u00e9galit\u00e9 et rire \u00e0 grand renfort de jeux de mots et de traits d\u2019esprits que certains consid\u00e8reraient comme \u00ab\u00a0pas dr\u00f4le\u00a0\u00bb (ce qui me pousse \u00e0 penser qu\u2019ils sont jaloux). La p\u00e2tisserie et l\u2019Histoire sont des centres d\u2019int\u00e9r\u00eat \u00e9galement tr\u00e8s marqu\u00e9s dont seules les vid\u00e9os de corgis peuvent me d\u00e9tourner.<span class=\"Apple-converted-space\">\u00a0<\/span><\/p><p class=\"p1\">Ah ! Et j\u2019aime les gens gentils. C\u2019est important les gens gentils.<\/p>\t\t\t\t\t\t\t\t<\/div>\n\t\t\t\t<\/div>\n\t\t\t\t\t<\/div>\n\t\t<\/div>\n\t\t\t\t\t<\/div>\n\t\t<\/section>\n\t\t\t\t<\/div>\n\t\t","protected":false},"excerpt":{"rendered":"<p>\u00c0 propos CV Hello there ! Je m\u2019appelle Margaux Contal et je suis motion designer, illustratrice et designer digitale. Bas\u00e9e \u00e0 Strasbourg en France, j\u2019appr\u00e9cie parcourir la ville et ses verts alentours en v\u00e9lo avec Corn\u00e9lius dans le panier avant. (Corn\u00e9lius n\u2019\u00e9tant ni mon conjoint, ni mon grand-p\u00e8re mais mon adorable chien). Dot\u00e9e d\u2019un BTS [&hellip;]<\/p>\n","protected":false},"author":1,"featured_media":0,"parent":0,"menu_order":0,"comment_status":"closed","ping_status":"closed","template":"page-full-width.php","meta":{"footnotes":""},"class_list":["post-2027","page","type-page","status-publish","hentry"],"aioseo_notices":[],"_links":{"self":[{"href":"https:\/\/margauxcontal.com\/index.php?rest_route=\/wp\/v2\/pages\/2027","targetHints":{"allow":["GET"]}}],"collection":[{"href":"https:\/\/margauxcontal.com\/index.php?rest_route=\/wp\/v2\/pages"}],"about":[{"href":"https:\/\/margauxcontal.com\/index.php?rest_route=\/wp\/v2\/types\/page"}],"author":[{"embeddable":true,"href":"https:\/\/margauxcontal.com\/index.php?rest_route=\/wp\/v2\/users\/1"}],"replies":[{"embeddable":true,"href":"https:\/\/margauxcontal.com\/index.php?rest_route=%2Fwp%2Fv2%2Fcomments&post=2027"}],"version-history":[{"count":179,"href":"https:\/\/margauxcontal.com\/index.php?rest_route=\/wp\/v2\/pages\/2027\/revisions"}],"predecessor-version":[{"id":7994,"href":"https:\/\/margauxcontal.com\/index.php?rest_route=\/wp\/v2\/pages\/2027\/revisions\/7994"}],"wp:attachment":[{"href":"https:\/\/margauxcontal.com\/index.php?rest_route=%2Fwp%2Fv2%2Fmedia&parent=2027"}],"curies":[{"name":"wp","href":"https:\/\/api.w.org\/{rel}","templated":true}]}}